{"id":47,"date":"2012-05-29T19:44:02","date_gmt":"2012-05-29T19:44:02","guid":{"rendered":"http:\/\/www.m-seidl.com\/_dcwels\/?page_id=47"},"modified":"2022-02-04T20:10:54","modified_gmt":"2022-02-04T19:10:54","slug":"uber-uns","status":"publish","type":"page","link":"http:\/\/www.ducati-club-wels.at\/_dcwels\/uber-uns\/","title":{"rendered":"\u00dcber Uns"},"content":{"rendered":"<p>&nbsp;<\/p>\n<p style=\"text-align: center;\">Der <strong><span style=\"color: #dd1302;\">Ducati Club Wels<\/span><\/strong> ist ein Club<br \/>\nf\u00fcr begeisterte <strong><span style=\"color: #dd1302;\">DUCATI<\/span><\/strong> Fans,<br \/>\ndie gemeinsam durch das Land fahren<br \/>\nmit ihren Motorr\u00e4dern der Marke: <strong><span style=\"color: #dd1302;\">DUCATI<\/span><\/strong>!!!!<\/p>\n<p>Wir treffen uns jeden 2ten Montag im Monat um gemeinsame Aktivit\u00e4ten zu planen und Neuigkeiten \u00fcber <strong><span style=\"color: #dd1302;\">DUCATI<\/span><\/strong> auszutauschen!<\/p>\n<p style=\"text-align: left;\">An den Clubabenden werden auch die Aktionen des Jahres ausgeheckt. Dazu geh\u00f6ren etwa die regelm\u00e4\u00dfigen Monatsausfahrten w\u00e4hrend der Sommersaison, die manchmal \u00fcber ein Wochenende gehen und von Mitgliedern organisiert werden. Dazu geh\u00f6rt auch die Planung des j\u00e4hrlichen Cluburlaubs!<\/p>\n<p>Dem Club liegt es am Herzen, dass die Familien der Club-Mitglieder in das Clubleben involviert werden! Frau \/ Freundin \/ Freund und Kinder werden gerne bei den Clubabenden und Ausfahrten gesehen!<\/p>\n<p>Sobald die ersten Sonnenstrahlen da sind, sind wir auch schon auf \u00d6sterreichs Stra\u00dfen unterwegs, um mit unseren <strong><span style=\"color: #dd1302;\">DUCATI<\/span><\/strong> \u2013 Sch\u00f6nheiten die Freiheit vom Motorradfahren zu genie\u00dfen!<\/p>\n<p>F\u00fcr uns steht der Spa\u00df am Fahren im Vordergrund und das Feeling von <strong><span style=\"color: #dd1302;\">DUCATI<\/span><\/strong> gemeinsam zu genie\u00dfen!<\/p>\n<p>Bei uns kann jeder mitmachen der <strong><span style=\"color: #dd1302;\">DUCATI<\/span><\/strong> liebt und pur erleben m\u00f6chte!!! (Einfach eine <a href=\"mailto:office@ducati-club-wels.at\">E-Mail<\/a> senden)<\/p>\n<p>Wir m\u00f6chten darauf hinweisen, dass der Ducati Club Wels keine Verbindung zum bestehenden \u201eDucati-Store in Wels\u201c hat!<\/p>\n<p style=\"text-align: right;\"><strong><span style=\"color: #dd1302;\">DUCATI CLUB WELS<\/span><\/strong><\/p>\n","protected":false},"excerpt":{"rendered":"<p>&nbsp; Der Ducati Club Wels ist ein Club f\u00fcr begeisterte DUCATI Fans, die gemeinsam durch das Land fahren mit ihren Motorr\u00e4dern der Marke: DUCATI!!!! Wir treffen uns jeden 2ten Montag [&#8230;]\n","protected":false},"author":1,"featured_media":0,"parent":0,"menu_order":1,"comment_status":"closed","ping_status":"open","template":"","meta":{"ngg_post_thumbnail":0,"footnotes":""},"class_list":["post-47","page","type-page","status-publish","hentry"],"_links":{"self":[{"href":"http:\/\/www.ducati-club-wels.at\/_dcwels\/wp-json\/wp\/v2\/pages\/47","targetHints":{"allow":["GET"]}}],"collection":[{"href":"http:\/\/www.ducati-club-wels.at\/_dcwels\/wp-json\/wp\/v2\/pages"}],"about":[{"href":"http:\/\/www.ducati-club-wels.at\/_dcwels\/wp-json\/wp\/v2\/types\/page"}],"author":[{"embeddable":true,"href":"http:\/\/www.ducati-club-wels.at\/_dcwels\/wp-json\/wp\/v2\/users\/1"}],"replies":[{"embeddable":true,"href":"http:\/\/www.ducati-club-wels.at\/_dcwels\/wp-json\/wp\/v2\/comments?post=47"}],"version-history":[{"count":26,"href":"http:\/\/www.ducati-club-wels.at\/_dcwels\/wp-json\/wp\/v2\/pages\/47\/revisions"}],"predecessor-version":[{"id":6482,"href":"http:\/\/www.ducati-club-wels.at\/_dcwels\/wp-json\/wp\/v2\/pages\/47\/revisions\/6482"}],"wp:attachment":[{"href":"http:\/\/www.ducati-club-wels.at\/_dcwels\/wp-json\/wp\/v2\/media?parent=47"}],"curies":[{"name":"wp","href":"https:\/\/api.w.org\/{rel}","templated":true}]}}